{"id":160,"date":"2025-06-27T11:07:57","date_gmt":"2025-06-27T11:07:57","guid":{"rendered":"https:\/\/am-b-care.nl\/?page_id=160"},"modified":"2026-01-23T10:55:04","modified_gmt":"2026-01-23T10:55:04","slug":"home","status":"publish","type":"page","link":"https:\/\/am-b-care.nl\/","title":{"rendered":"Home"},"content":{"rendered":"\t\t<div data-elementor-type=\"wp-page\" data-elementor-id=\"160\" class=\"elementor elementor-160\">\n\t\t\t\t\t\t<section class=\"elementor-section elementor-top-section elementor-element elementor-element-cbe71c4 elementor-section-boxed elementor-section-height-default elementor-section-height-default\" data-id=\"cbe71c4\" data-element_type=\"section\">\n\t\t\t\t\t\t<div class=\"elementor-container elementor-column-gap-default\">\n\t\t\t\t\t<div class=\"elementor-column elementor-col-50 elementor-top-column elementor-element elementor-element-7a89275 animated-slow elementor-invisible\" data-id=\"7a89275\" data-element_type=\"column\" data-settings=\"{&quot;animation&quot;:&quot;fadeInLeft&quot;}\">\n\t\t\t<div class=\"elementor-widget-wrap elementor-element-populated\">\n\t\t\t\t\t\t<div class=\"elementor-element elementor-element-650997a elementor-widget elementor-widget-heading\" data-id=\"650997a\" data-element_type=\"widget\" data-widget_type=\"heading.default\">\n\t\t\t\t<div class=\"elementor-widget-container\">\n\t\t\t\t\t<h2 class=\"elementor-heading-title elementor-size-default\">Amber Zwart\n<\/h2>\t\t\t\t<\/div>\n\t\t\t\t<\/div>\n\t\t\t\t<div class=\"elementor-element elementor-element-f43e49d elementor-widget elementor-widget-text-editor\" data-id=\"f43e49d\" data-element_type=\"widget\" data-widget_type=\"text-editor.default\">\n\t\t\t\t<div class=\"elementor-widget-container\">\n\t\t\t\t\t\t\t\t\t<p>Welkom bij mijn praktijk \u2013 waar jij \u00e9cht centraal staat<\/p><p>In mijn kleinschalige, warme praktijk draait alles om aandacht, vertrouwen en persoonlijk contact. Geen massale behandelkamers of gehaaste afspraken \u2013 maar \u00e9\u00e9n-op-\u00e9\u00e9n begeleiding in een huiselijke sfeer<br \/>waar jij je op je gemak voelt. Hier ben je geen nummer, maar een mens met een uniek verhaal.<\/p><p>Met een hands-on aanpak combineer ik dry needling, massage en gerichte fysiotherapie om dieperliggende spanningen aan te pakken en jouw lichaam weer in balans te brengen. Geen standaard schema\u2019s, maar behandelingen afgestemd op wat jij nodig hebt \u2013 in het moment.<\/p><p>Ik geloof in de kracht van aanraking, \u00e9chte aandacht en een veilige, ontspannen omgeving. Samen gaan we op zoek naar de oorzaak achter jouw klachten, zodat je niet alleen tijdelijk verlichting voelt, maar ook duurzaam herstelt.<\/p><p>Mijn praktijk is klein, persoonlijk en intiem \u2013 precies zoals ik het graag heb. Hier mag je jezelf zijn, tot rust komen, en bouwen aan een sterk, gezond lichaam dat weer in beweging komt.<\/p><p>Voel je welkom. Je bent precies op de juiste plek.<\/p><p><strong>Neem gerust contact op:<\/strong><br \/><a href=\"tel:0611148795\"><span class=\"btn-get-phone\">0611148795<\/span><\/a><br \/><a href=\"mailto:info@am-b-care.nl\"><span class=\"btn-get-email\">info@am-b-care.nl<\/span><\/a><\/p>\t\t\t\t\t\t\t\t<\/div>\n\t\t\t\t<\/div>\n\t\t\t\t\t<\/div>\n\t\t<\/div>\n\t\t\t\t<div class=\"elementor-column elementor-col-50 elementor-top-column elementor-element elementor-element-3321a5f animated-slow elementor-invisible\" data-id=\"3321a5f\" data-element_type=\"column\" data-settings=\"{&quot;animation&quot;:&quot;fadeInRight&quot;}\">\n\t\t\t<div class=\"elementor-widget-wrap elementor-element-populated\">\n\t\t\t\t\t\t<div class=\"elementor-element elementor-element-f469e2e elementor-widget elementor-widget-image\" data-id=\"f469e2e\" data-element_type=\"widget\" data-widget_type=\"image.default\">\n\t\t\t\t<div class=\"elementor-widget-container\">\n\t\t\t\t\t\t\t\t\t\t\t\t\t\t\t<img fetchpriority=\"high\" decoding=\"async\" width=\"760\" height=\"1013\" src=\"https:\/\/am-b-care.nl\/wp-content\/uploads\/2025\/07\/IMG_5757-768x1024.jpg\" class=\"attachment-large size-large wp-image-206\" alt=\"\" srcset=\"https:\/\/am-b-care.nl\/wp-content\/uploads\/2025\/07\/IMG_5757-768x1024.jpg 768w, https:\/\/am-b-care.nl\/wp-content\/uploads\/2025\/07\/IMG_5757-225x300.jpg 225w, https:\/\/am-b-care.nl\/wp-content\/uploads\/2025\/07\/IMG_5757-1152x1536.jpg 1152w, https:\/\/am-b-care.nl\/wp-content\/uploads\/2025\/07\/IMG_5757-371x496.jpg 371w, https:\/\/am-b-care.nl\/wp-content\/uploads\/2025\/07\/IMG_5757-259x346.jpg 259w, https:\/\/am-b-care.nl\/wp-content\/uploads\/2025\/07\/IMG_5757-527x702.jpg 527w, https:\/\/am-b-care.nl\/wp-content\/uploads\/2025\/07\/IMG_5757.jpg 1305w\" sizes=\"(max-width: 760px) 100vw, 760px\" \/>\t\t\t\t\t\t\t\t\t\t\t\t\t\t\t<\/div>\n\t\t\t\t<\/div>\n\t\t\t\t<div class=\"elementor-element elementor-element-6e51c30 elementor-widget elementor-widget-text-editor\" data-id=\"6e51c30\" data-element_type=\"widget\" data-widget_type=\"text-editor.default\">\n\t\t\t\t<div class=\"elementor-widget-container\">\n\t\t\t\t\t\t\t\t\t<p>Wat ik vaak terugkrijg van cli\u00ebnten, is dat ze zich op hun gemak voelen. Dat er ruimte is om even te landen, zowel lichamelijk als mentaal. Soms gaat een sessie niet alleen over spieren of klachten, maar ook over wat er in je hoofd en leven speelt. Een goed gesprek hoort er voor mij gewoon bij \u2013 als dat helpend is, neem ik daar graag de tijd voor.<\/p><p><em>\u201cJe lichaam mag ontspannen. Je mag even thuiskomen.\u201d<\/em><\/p>\t\t\t\t\t\t\t\t<\/div>\n\t\t\t\t<\/div>\n\t\t\t\t\t<\/div>\n\t\t<\/div>\n\t\t\t\t\t<\/div>\n\t\t<\/section>\n\t\t\t\t<section class=\"elementor-section elementor-top-section elementor-element elementor-element-3ce8445 elementor-section-boxed elementor-section-height-default elementor-section-height-default\" data-id=\"3ce8445\" data-element_type=\"section\">\n\t\t\t\t\t\t<div class=\"elementor-container elementor-column-gap-default\">\n\t\t\t\t\t<div class=\"elementor-column elementor-col-50 elementor-top-column elementor-element elementor-element-b547c5f elementor-invisible\" data-id=\"b547c5f\" data-element_type=\"column\" data-settings=\"{&quot;animation&quot;:&quot;fadeInLeft&quot;}\">\n\t\t\t<div class=\"elementor-widget-wrap elementor-element-populated\">\n\t\t\t\t\t\t<div class=\"elementor-element elementor-element-dd8c536 elementor-hidden-mobile elementor-widget elementor-widget-image\" data-id=\"dd8c536\" data-element_type=\"widget\" data-widget_type=\"image.default\">\n\t\t\t\t<div class=\"elementor-widget-container\">\n\t\t\t\t\t\t\t\t\t\t\t\t\t\t\t<img decoding=\"async\" width=\"760\" height=\"1013\" src=\"https:\/\/am-b-care.nl\/wp-content\/uploads\/2021\/01\/IMG_6086-768x1024.jpg\" class=\"attachment-large size-large wp-image-46\" alt=\"\" srcset=\"https:\/\/am-b-care.nl\/wp-content\/uploads\/2021\/01\/IMG_6086-768x1024.jpg 768w, https:\/\/am-b-care.nl\/wp-content\/uploads\/2021\/01\/IMG_6086-225x300.jpg 225w, https:\/\/am-b-care.nl\/wp-content\/uploads\/2021\/01\/IMG_6086-1152x1536.jpg 1152w, https:\/\/am-b-care.nl\/wp-content\/uploads\/2021\/01\/IMG_6086-1536x2048.jpg 1536w, https:\/\/am-b-care.nl\/wp-content\/uploads\/2021\/01\/IMG_6086-1568x2091.jpg 1568w, https:\/\/am-b-care.nl\/wp-content\/uploads\/2021\/01\/IMG_6086-scaled.jpg 1920w\" sizes=\"(max-width: 760px) 100vw, 760px\" \/>\t\t\t\t\t\t\t\t\t\t\t\t\t\t\t<\/div>\n\t\t\t\t<\/div>\n\t\t\t\t\t<\/div>\n\t\t<\/div>\n\t\t\t\t<div class=\"elementor-column elementor-col-50 elementor-top-column elementor-element elementor-element-235b783 elementor-invisible\" data-id=\"235b783\" data-element_type=\"column\" data-settings=\"{&quot;animation&quot;:&quot;fadeInRight&quot;}\">\n\t\t\t<div class=\"elementor-widget-wrap elementor-element-populated\">\n\t\t\t\t\t\t<div class=\"elementor-element elementor-element-94db491 elementor-widget elementor-widget-heading\" data-id=\"94db491\" data-element_type=\"widget\" data-widget_type=\"heading.default\">\n\t\t\t\t<div class=\"elementor-widget-container\">\n\t\t\t\t\t<h2 class=\"elementor-heading-title elementor-size-default\">Waarom Am-B-Care?<\/h2>\t\t\t\t<\/div>\n\t\t\t\t<\/div>\n\t\t\t\t<div class=\"elementor-element elementor-element-dbb546d elementor-widget elementor-widget-text-editor\" data-id=\"dbb546d\" data-element_type=\"widget\" data-widget_type=\"text-editor.default\">\n\t\t\t\t<div class=\"elementor-widget-container\">\n\t\t\t\t\t\t\t\t\t<p>Am-B-Care staat voor 1 op 1, kleinschalige therapie, in een ontspannen setting. Met name hands on behandelingen worden nauwelijks meer gegeven in de fysiotherapie.<\/p><p>Bij Am-B-Care erkennen we juist de kracht van een massage. Zeker in combinatie met triggerpoint behandelingen en dry needling verdwijnen veel spierklachten sneller en op een aangename wijze.<\/p><p>Am-B-Care voelt juist door de hands on behandeling precies waar de klachten zich bevinden, en deze worden direct aangepakt. U zult meteen verlichting ervaren en meer ontspannen de deur uit gaan.<\/p><p>Am-B-Care is met name gespecialiseerd in dry needling en hoofdpijnklachten, maar ook voor andere klachten kunt u bij ons terecht.\u00a0Ook voor sportmassages kunt u bij ons terecht.<\/p>\t\t\t\t\t\t\t\t<\/div>\n\t\t\t\t<\/div>\n\t\t\t\t<div class=\"elementor-element elementor-element-003a803 elementor-hidden-desktop elementor-hidden-tablet elementor-widget elementor-widget-image\" data-id=\"003a803\" data-element_type=\"widget\" data-widget_type=\"image.default\">\n\t\t\t\t<div class=\"elementor-widget-container\">\n\t\t\t\t\t\t\t\t\t\t\t\t\t\t\t<img decoding=\"async\" width=\"760\" height=\"1013\" src=\"https:\/\/am-b-care.nl\/wp-content\/uploads\/2021\/01\/IMG_6086-768x1024.jpg\" class=\"attachment-large size-large wp-image-46\" alt=\"\" srcset=\"https:\/\/am-b-care.nl\/wp-content\/uploads\/2021\/01\/IMG_6086-768x1024.jpg 768w, https:\/\/am-b-care.nl\/wp-content\/uploads\/2021\/01\/IMG_6086-225x300.jpg 225w, https:\/\/am-b-care.nl\/wp-content\/uploads\/2021\/01\/IMG_6086-1152x1536.jpg 1152w, https:\/\/am-b-care.nl\/wp-content\/uploads\/2021\/01\/IMG_6086-1536x2048.jpg 1536w, https:\/\/am-b-care.nl\/wp-content\/uploads\/2021\/01\/IMG_6086-1568x2091.jpg 1568w, https:\/\/am-b-care.nl\/wp-content\/uploads\/2021\/01\/IMG_6086-scaled.jpg 1920w\" sizes=\"(max-width: 760px) 100vw, 760px\" \/>\t\t\t\t\t\t\t\t\t\t\t\t\t\t\t<\/div>\n\t\t\t\t<\/div>\n\t\t\t\t\t<\/div>\n\t\t<\/div>\n\t\t\t\t\t<\/div>\n\t\t<\/section>\n\t\t\t\t<section class=\"elementor-section elementor-top-section elementor-element elementor-element-fba782d elementor-section-boxed elementor-section-height-default elementor-section-height-default\" data-id=\"fba782d\" data-element_type=\"section\">\n\t\t\t\t\t\t<div class=\"elementor-container elementor-column-gap-default\">\n\t\t\t\t\t<div class=\"elementor-column elementor-col-100 elementor-top-column elementor-element elementor-element-fe65019\" data-id=\"fe65019\" data-element_type=\"column\">\n\t\t\t<div class=\"elementor-widget-wrap elementor-element-populated\">\n\t\t\t\t\t\t<div class=\"elementor-element elementor-element-80ba101 elementor-widget elementor-widget-heading\" data-id=\"80ba101\" data-element_type=\"widget\" data-widget_type=\"heading.default\">\n\t\t\t\t<div class=\"elementor-widget-container\">\n\t\t\t\t\t<h2 class=\"elementor-heading-title elementor-size-default\">Laatste nieuws<\/h2>\t\t\t\t<\/div>\n\t\t\t\t<\/div>\n\t\t\t\t<div class=\"elementor-element elementor-element-4c4fc77 elementor-widget__width-initial elementor-widget elementor-widget-text-editor\" data-id=\"4c4fc77\" data-element_type=\"widget\" data-widget_type=\"text-editor.default\">\n\t\t\t\t<div class=\"elementor-widget-container\">\n\t\t\t\t\t\t\t\t\t<p>Beste pati\u00ebnt,<\/p>\n<p>Ik informeer je graag over een aantal belangrijke veranderingen binnen<br>mijn praktijk per 1 januari aanstaande. Verhuizing naar een nieuwe locatie&#8230;&#8230; <br>Met veel plezier kondig ik aan dat de praktijk per 1 januari verhuist naar: <br>Vondelstraat 35, in het sportcomplex Oosterhout.<\/p>\n<p>De nieuwe locatie biedt meer ruimte, rust en mogelijkheden om de <br>kwaliteit van zorg verder te verdiepen. Er is voldoende parkeergelegenheid.<\/p>\n<p>Mocht je vragen hebben over de veranderingen, jouw vergoeding, de<br>pakketten of het nieuwe adres, neem gerust contact met me op.<br>Ik kijk ernaar uit om je ook in het nieuwe jaar te mogen begeleiden in jouw herstel en welzijn.<\/p>\n<p>Belangrijk!! Geen contracten meer met zorgverzekeraars<\/p>\n<p>&nbsp;Ongecontracteerde fysiotherapie \u2014 helder &amp; eerlijk<br>In mijn praktijk werk ik vanaf 2026 bewust zonder contracten met zorgverzekeraars.<br>De voortdurende stijgende kosten, administratieve druk en de beperkte<br>behandelvrijheid binnen de huidige contracten passen niet langer bij de <br>kwaliteit en de holistische werkwijze die ik wil bieden.<br>Geen contracten betekenen dat je bij mij altijd de tijd, aandacht en<br>behandeling krijgt die jij nodig hebt \u2014 zonder beperkingen vanuit verzekeraars.<\/p>\n<p>Je kunt je behandelingen meestal gedeeltelijk vergoed krijgen vanuit je aanvullende verzekering. Je ontvangt na elke behandeling een factuur die je zelf kunt indienen bij je zorgverzekeraar.<\/p>\n<p>Waarom ongecontracteerd?<br>Ik kies ervoor om zonder zorgverzekeringscontracten te werken zodat ik:<br>\u2013 voldoende tijd per behandeling kan geven<br>\u00e9cht kan luisteren en behandelen en de zorg afstemmen op jouw behoefte<br>geen beperkingen heb vanuit verzekeraars in de vorm van protocollen<br>geen productie-druk heb, geen gehaast &#8220;lopende band&#8221; gevoel<br>Je betaalt de behandeling zelf en declareert deze eenvoudig bij je<br>verzekeraar. De meeste verzekeraars vergoeden ongecontracteerde fysiotherapie.<br>Het vergoedingspercentage verschilt per polis, meestal tussen 60% en 80% van hun tarief.<\/p>\n<p>Bij Am-B-Care krijg je geen 10-minuten-fysio, hier krijg je echte aandacht!<\/p>\n<p>Holistische uitbreiding van mijn behandeling<br>De praktijk blijft zich verder ontwikkelen. Naast fysiotherapie wil ik langzaam meer gaan <br>aanbieden qua behandelingen. Een bredere, holistische benadering waarin aandacht is voor het zenuwstelsel, ademhaling, emoties, stressregulatie en het lichaam als geheel.<br>Deze integrale aanpak maakt het mogelijk om niet alleen aan klachten te<br>werken, maar ook aan duurzame verandering en herstel. Zodoende ga ik<br>komend jaar steeds een aantal behandelingen toevoegen en kijken waar<br>interesse ligt. Ik wil o\/a mijn orthomoleculaire kennis gaan gebruiken<br>en in maart heb ik een trauma release cursus zodat ik ook voor psychosomatische klachten meer kan betekenen.<\/p>\t\t\t\t\t\t\t\t<\/div>\n\t\t\t\t<\/div>\n\t\t\t\t\t<\/div>\n\t\t<\/div>\n\t\t\t\t\t<\/div>\n\t\t<\/section>\n\t\t\t\t<\/div>\n\t\t","protected":false},"excerpt":{"rendered":"<p>Amber Zwart Welkom bij mijn praktijk \u2013 waar jij \u00e9cht centraal staat In mijn kleinschalige, warme praktijk draait alles om aandacht, vertrouwen en persoonlijk contact. Geen massale behandelkamers of gehaaste afspraken \u2013 maar \u00e9\u00e9n-op-\u00e9\u00e9n begeleiding in een huiselijke sfeerwaar jij je op je gemak voelt. Hier ben je geen nummer, maar een mens met een &hellip; <\/p>\n","protected":false},"author":1,"featured_media":0,"parent":0,"menu_order":0,"comment_status":"closed","ping_status":"closed","template":"elementor_header_footer","meta":{"footnotes":""},"class_list":["post-160","page","type-page","status-publish","hentry","has-meta has-sticky-meta"],"_links":{"self":[{"href":"https:\/\/am-b-care.nl\/index.php?rest_route=\/wp\/v2\/pages\/160","targetHints":{"allow":["GET"]}}],"collection":[{"href":"https:\/\/am-b-care.nl\/index.php?rest_route=\/wp\/v2\/pages"}],"about":[{"href":"https:\/\/am-b-care.nl\/index.php?rest_route=\/wp\/v2\/types\/page"}],"author":[{"embeddable":true,"href":"https:\/\/am-b-care.nl\/index.php?rest_route=\/wp\/v2\/users\/1"}],"replies":[{"embeddable":true,"href":"https:\/\/am-b-care.nl\/index.php?rest_route=%2Fwp%2Fv2%2Fcomments&post=160"}],"version-history":[{"count":58,"href":"https:\/\/am-b-care.nl\/index.php?rest_route=\/wp\/v2\/pages\/160\/revisions"}],"predecessor-version":[{"id":243,"href":"https:\/\/am-b-care.nl\/index.php?rest_route=\/wp\/v2\/pages\/160\/revisions\/243"}],"wp:attachment":[{"href":"https:\/\/am-b-care.nl\/index.php?rest_route=%2Fwp%2Fv2%2Fmedia&parent=160"}],"curies":[{"name":"wp","href":"https:\/\/api.w.org\/{rel}","templated":true}]}}